{"id":3571,"date":"2026-02-06T14:28:44","date_gmt":"2026-02-06T13:28:44","guid":{"rendered":"http:\/\/localhost\/confinac\/www\/confinac-group\/"},"modified":"2026-03-18T14:19:43","modified_gmt":"2026-03-18T13:19:43","slug":"confinac-group","status":"publish","type":"page","link":"https:\/\/www.confinac.com\/en\/","title":{"rendered":"Confinac Group"},"content":{"rendered":"<p>\u00dcberall dieselbe alte Leier. Das Layout ist fertig, der Text l\u00e4sst auf sich warten. Damit das Layout nun nicht nackt im Raume steht und sich klein und leer vorkommt, springe ich ein: der Blindtext. Genau zu diesem Zwecke erschaffen, immer im Schatten meines gro\u00dfen Bruders \u00bbLorem Ipsum\u00ab, freue ich mich jedes Mal, wenn Sie ein paar Zeilen lesen. Denn esse est percipi &#8211; Sein ist wahrgenommen werden. Und weil Sie nun schon die G\u00fcte haben, mich ein paar weitere S\u00e4tze lang zu begleiten, m\u00f6chte ich diese Gelegenheit nutzen, Ihnen nicht nur als L\u00fcckenf\u00fcller zu dienen, sondern auf etwas hinzuweisen, das es ebenso verdient wahrgenommen zu werden: Webstandards n\u00e4mlich. Sehen Sie, Webstandards sind das Regelwerk, auf dem Webseiten aufbauen. So gibt es Regeln f\u00fcr HTML, CSS, JavaScript oder auch XML; Worte, die Sie vielleicht schon einmal von Ihrem Entwickler geh\u00f6rt haben.<\/p>\n","protected":false},"excerpt":{"rendered":"<p>\u00dcberall dieselbe alte Leier. Das Layout ist fertig, der Text l\u00e4sst auf sich warten. Damit das Layout nun nicht nackt im Raume steht und sich klein und leer vorkommt, springe ich ein: der Blindtext. Genau zu diesem Zwecke erschaffen, immer im Schatten meines gro\u00dfen Bruders \u00bbLorem Ipsum\u00ab, freue ich mich jedes Mal, wenn Sie ein [&hellip;]<\/p>\n","protected":false},"author":1,"featured_media":0,"parent":0,"menu_order":0,"comment_status":"closed","ping_status":"closed","template":"template-startseite-group.php","meta":{"_acf_changed":false,"rs_blank_template":"","rs_page_bg_color":"","slide_template_v7":"","footnotes":"","_links_to":"","_links_to_target":""},"class_list":["post-3571","page","type-page","status-publish","hentry"],"acf":[],"_links":{"self":[{"href":"https:\/\/www.confinac.com\/en\/wp-json\/wp\/v2\/pages\/3571","targetHints":{"allow":["GET"]}}],"collection":[{"href":"https:\/\/www.confinac.com\/en\/wp-json\/wp\/v2\/pages"}],"about":[{"href":"https:\/\/www.confinac.com\/en\/wp-json\/wp\/v2\/types\/page"}],"author":[{"embeddable":true,"href":"https:\/\/www.confinac.com\/en\/wp-json\/wp\/v2\/users\/1"}],"replies":[{"embeddable":true,"href":"https:\/\/www.confinac.com\/en\/wp-json\/wp\/v2\/comments?post=3571"}],"version-history":[{"count":3,"href":"https:\/\/www.confinac.com\/en\/wp-json\/wp\/v2\/pages\/3571\/revisions"}],"predecessor-version":[{"id":3780,"href":"https:\/\/www.confinac.com\/en\/wp-json\/wp\/v2\/pages\/3571\/revisions\/3780"}],"wp:attachment":[{"href":"https:\/\/www.confinac.com\/en\/wp-json\/wp\/v2\/media?parent=3571"}],"curies":[{"name":"wp","href":"https:\/\/api.w.org\/{rel}","templated":true}]}}